{"id":190,"date":"2020-11-04T20:05:26","date_gmt":"2020-11-04T20:05:26","guid":{"rendered":"https:\/\/www.rolba.cz\/apartmany\/?page_id=190"},"modified":"2020-11-23T18:02:30","modified_gmt":"2020-11-23T18:02:30","slug":"kontakt","status":"publish","type":"page","link":"https:\/\/www.rolba.cz\/apartmany\/kontakt\/","title":{"rendered":"Kontakt"},"content":{"rendered":"\n<p><strong>Spr\u00e1vce<\/strong>: Ivan Havl\u00ed\u010dek, tel. 603&nbsp;448&nbsp;925<\/p>\n\n\n\n<p><strong>Objedn\u00e1vky&nbsp;<\/strong>&#8211; pouze e-mailem:&nbsp;<a href=\"http:\/\/mailto:apartmany@rolba.cz\/\">apartmany<\/a><a href=\"mailto:chata@rolba.cz?subject=Objednavka%20ubytovani\">@rolba.cz<\/a>&nbsp;nebo prost\u0159ednictv\u00edm formul\u00e1\u0159e na t\u00e9to str\u00e1nce.<\/p>\n\n\n\n<p>Nezapome\u0148te u objedn\u00e1vky napsat rozsah dn\u016f, o kter\u00e9 m\u00e1te z\u00e1jem!<br><br><strong>Upozorn\u011bn\u00ed:<\/strong> T\u00fddenn\u00ed turnusy v zim\u011b preferujeme\u00a0<strong>od soboty do soboty<\/strong>.\u00a0<br>Krat\u0161\u00ed pobyty pouze po domluv\u011b, minim\u00e1ln\u011b ale dv\u011b noci.<\/p>\n\n\n\n<p>Objedn\u00e1vka V\u00e1m bude potvrzena co nejd\u0159\u00edve.<\/p>\n\n\n\n<div class=\"wp-block-contact-form-7-contact-form-selector\">\n<div class=\"wpcf7 no-js\" id=\"wpcf7-f193-o1\" lang=\"cs-CZ\" dir=\"ltr\" data-wpcf7-id=\"193\">\n<div class=\"screen-reader-response\"><p role=\"status\" aria-live=\"polite\" aria-atomic=\"true\"><\/p> <ul><\/ul><\/div>\n<form action=\"\/apartmany\/wp-json\/wp\/v2\/pages\/190#wpcf7-f193-o1\" method=\"post\" class=\"wpcf7-form init\" aria-label=\"Kontaktn\u00ed formul\u00e1\u0159\" novalidate=\"novalidate\" data-status=\"init\">\n<fieldset class=\"hidden-fields-container\"><input type=\"hidden\" name=\"_wpcf7\" value=\"193\" \/><input type=\"hidden\" name=\"_wpcf7_version\" value=\"6.1.5\" \/><input type=\"hidden\" name=\"_wpcf7_locale\" value=\"cs_CZ\" \/><input type=\"hidden\" name=\"_wpcf7_unit_tag\" value=\"wpcf7-f193-o1\" \/><input type=\"hidden\" name=\"_wpcf7_container_post\" value=\"0\" \/><input type=\"hidden\" name=\"_wpcf7_posted_data_hash\" value=\"\" \/>\n<\/fieldset>\n<p><label>Va\u0161e jm\u00e9no:<br \/>\n<span class=\"wpcf7-form-control-wrap\" data-name=\"your-name\"><input size=\"40\" maxlength=\"400\" class=\"wpcf7-form-control wpcf7-text wpcf7-validates-as-required\" aria-required=\"true\" aria-invalid=\"false\" value=\"\" type=\"text\" name=\"your-name\" \/><\/span> <\/label>\n<\/p>\n<p><label>V\u00e1\u0161 email:<br \/>\n<span class=\"wpcf7-form-control-wrap\" data-name=\"your-email\"><input size=\"40\" maxlength=\"400\" class=\"wpcf7-form-control wpcf7-email wpcf7-validates-as-required wpcf7-text wpcf7-validates-as-email\" aria-required=\"true\" aria-invalid=\"false\" value=\"\" type=\"email\" name=\"your-email\" \/><\/span> <\/label>\n<\/p>\n<p><label>Po\u010det osob:<br \/>\n<span class=\"wpcf7-form-control-wrap\" data-name=\"text-995\"><input size=\"40\" maxlength=\"400\" class=\"wpcf7-form-control wpcf7-text\" aria-invalid=\"false\" value=\"\" type=\"text\" name=\"text-995\" \/><\/span><br \/>\n<\/label>\n<\/p>\n<p><label>Telefon:<br \/>\n<span class=\"wpcf7-form-control-wrap\" data-name=\"tel-227\"><input size=\"40\" maxlength=\"400\" class=\"wpcf7-form-control wpcf7-tel wpcf7-validates-as-required wpcf7-text wpcf7-validates-as-tel\" aria-required=\"true\" aria-invalid=\"false\" value=\"\" type=\"tel\" name=\"tel-227\" \/><\/span><br \/>\n<\/label>\n<\/p>\n<p><label>Po\u017eadovan\u00fd apartm\u00e1n<br \/>\n<span class=\"wpcf7-form-control-wrap\" data-name=\"menu-545\"><select class=\"wpcf7-form-control wpcf7-select\" aria-invalid=\"false\" name=\"menu-545\"><option value=\"--- Vyberte ---\">--- Vyberte ---<\/option><option value=\"Apartm\u00e1n D2 (1+kk, a\u017e 4 os.)\">Apartm\u00e1n D2 (1+kk, a\u017e 4 os.)<\/option><option value=\"Apartm\u00e1n F3 (1+kk, a\u017e 4 os.)\">Apartm\u00e1n F3 (1+kk, a\u017e 4 os.)<\/option><option value=\"Apartm\u00e1n B10 (2+kk, 4-6 os.)\">Apartm\u00e1n B10 (2+kk, 4-6 os.)<\/option><option value=\"Apartm\u00e1n E5 (2+kk, 4-6 os.)\">Apartm\u00e1n E5 (2+kk, 4-6 os.)<\/option><option value=\"Apartm\u00e1n E13 (2+kk, a\u017e pro 5 osob)\">Apartm\u00e1n E13 (2+kk, a\u017e pro 5 osob)<\/option><option value=\"Mezonet E23 (3+kk, a\u017e 8 osob)\">Mezonet E23 (3+kk, a\u017e 8 osob)<\/option><option value=\"Jin\u00fd dotaz\">Jin\u00fd dotaz<\/option><\/select><\/span><br \/>\n<\/label>\n<\/p>\n<p><label>Datum p\u0159\u00edjezdu<br \/>\n<span class=\"wpcf7-form-control-wrap\" data-name=\"Datumprijezdu\"><input class=\"wpcf7-form-control wpcf7-date wpcf7-validates-as-required wpcf7-validates-as-date\" aria-required=\"true\" aria-invalid=\"false\" placeholder=\"dd.mm.rrrr\" value=\"\" type=\"date\" name=\"Datumprijezdu\" \/><\/span><br \/>\n<\/label>\n<\/p>\n<p>Po\u010det dn\u016f:<br \/>\n<span class=\"wpcf7-form-control-wrap\" data-name=\"number-603\"><input class=\"wpcf7-form-control wpcf7-number wpcf7-validates-as-required wpcf7-validates-as-number\" min=\"2\" max=\"60\" aria-required=\"true\" aria-invalid=\"false\" value=\"7\" type=\"number\" name=\"number-603\" \/><\/span>\n<\/p>\n<p><label>Text zpr\u00e1vy<br \/>\n<span class=\"wpcf7-form-control-wrap\" data-name=\"your-message\"><textarea cols=\"40\" rows=\"10\" maxlength=\"2000\" class=\"wpcf7-form-control wpcf7-textarea wpcf7-validates-as-required\" aria-required=\"true\" aria-invalid=\"false\" name=\"your-message\"><\/textarea><\/span> <\/label>\n<\/p>\n<p><input class=\"wpcf7-form-control wpcf7-submit has-spinner\" type=\"submit\" value=\"Odeslat zpr\u00e1vu\" \/>\n<\/p><div class=\"wpcf7-response-output\" aria-hidden=\"true\"><\/div>\n<\/form>\n<\/div>\n<\/div>\n","protected":false},"excerpt":{"rendered":"<p>Spr\u00e1vce: Ivan Havl\u00ed\u010dek, tel. 603&nbsp;448&nbsp;925 Objedn\u00e1vky&nbsp;&#8211; pouze e-mailem:&nbsp;apartmany@rolba.cz&nbsp;nebo prost\u0159ednictv\u00edm formul\u00e1\u0159e na t\u00e9to str\u00e1nce. Nezapome\u0148te u objedn\u00e1vky napsat rozsah dn\u016f, o kter\u00e9 m\u00e1te z\u00e1jem! Upozorn\u011bn\u00ed: T\u00fddenn\u00ed turnusy v zim\u011b preferujeme\u00a0od soboty do soboty.\u00a0Krat\u0161\u00ed pobyty pouze po domluv\u011b, minim\u00e1ln\u011b ale dv\u011b noci. Objedn\u00e1vka V\u00e1m bude potvrzena co nejd\u0159\u00edve.<\/p>\n","protected":false},"author":1,"featured_media":0,"parent":0,"menu_order":0,"comment_status":"closed","ping_status":"closed","template":"","meta":{"ngg_post_thumbnail":0,"footnotes":""},"class_list":["post-190","page","type-page","status-publish","hentry"],"_links":{"self":[{"href":"https:\/\/www.rolba.cz\/apartmany\/wp-json\/wp\/v2\/pages\/190","targetHints":{"allow":["GET"]}}],"collection":[{"href":"https:\/\/www.rolba.cz\/apartmany\/wp-json\/wp\/v2\/pages"}],"about":[{"href":"https:\/\/www.rolba.cz\/apartmany\/wp-json\/wp\/v2\/types\/page"}],"author":[{"embeddable":true,"href":"https:\/\/www.rolba.cz\/apartmany\/wp-json\/wp\/v2\/users\/1"}],"replies":[{"embeddable":true,"href":"https:\/\/www.rolba.cz\/apartmany\/wp-json\/wp\/v2\/comments?post=190"}],"version-history":[{"count":3,"href":"https:\/\/www.rolba.cz\/apartmany\/wp-json\/wp\/v2\/pages\/190\/revisions"}],"predecessor-version":[{"id":264,"href":"https:\/\/www.rolba.cz\/apartmany\/wp-json\/wp\/v2\/pages\/190\/revisions\/264"}],"wp:attachment":[{"href":"https:\/\/www.rolba.cz\/apartmany\/wp-json\/wp\/v2\/media?parent=190"}],"curies":[{"name":"wp","href":"https:\/\/api.w.org\/{rel}","templated":true}]}}