{"id":201,"date":"2020-11-04T22:04:00","date_gmt":"2020-11-04T22:04:00","guid":{"rendered":"https:\/\/www.rolba.cz\/apartmany\/?page_id=201"},"modified":"2025-10-07T16:56:11","modified_gmt":"2025-10-07T14:56:11","slug":"rezervace","status":"publish","type":"page","link":"https:\/\/www.rolba.cz\/apartmany\/rezervace\/","title":{"rendered":"P\u0159ehled voln\u00fdch term\u00edn\u016f"},"content":{"rendered":"\r\n<p class=\"wp-block-pgc-plugin-calendar\"><div class=\"pgc-calendar-wrapper pgc-calendar-page pgc-theme-\"><div class=\"pgc-calendar-filter\" ><\/div><div  data-calendarids='[&quot;rolba.cz_3jasppcusb6sh37dsbacmjrqh4@group.calendar.google.com&quot;,&quot;rolba.cz_95alrfeq8lc3tqsaqq5defpels@group.calendar.google.com&quot;,&quot;rolba.cz_2r7175conukcrkdvkj8edcs2bo@group.calendar.google.com&quot;,&quot;rolba.cz_9skjm0i2g6ae2qvojvc6huqm3o@group.calendar.google.com&quot;,&quot;rolba.cz_fjd868p4ob0sf3isjrs01gsrbg@group.calendar.google.com&quot;]'  data-filter='top' data-eventpopup='false' data-eventlink='false' data-eventdescription='false' data-eventlocation='false' data-eventattachments='false' data-eventattendees='false' data-eventcreator='false' data-eventcalendarname='false' data-hidefuture='false' data-hidepassed='false' data-config='{&quot;headerToolbar&quot;:{&quot;start&quot;:&quot;prev,next today&quot;,&quot;center&quot;:&quot;title&quot;,&quot;end&quot;:&quot;dayGridMonth,timeGridWeek,listWeek&quot;}}' data-locale=\"cs_CZ\" data-theme=\"\" class=\"pgc-calendar\"><\/div><\/div><\/p>\r\n\r\n\r\n\r\n<p><strong>Apartm\u00e1n si zarezervujete p\u0159\u00edmo ze str\u00e1nky detailu konkr\u00e9tn\u00edho apartm\u00e1nu.<\/strong><\/p>\r\n\r\n\r\n\r\n<p>&nbsp;<\/p>\r\n","protected":false},"excerpt":{"rendered":"<p>Apartm\u00e1n si zarezervujete p\u0159\u00edmo ze str\u00e1nky detailu konkr\u00e9tn\u00edho apartm\u00e1nu. &nbsp;<\/p>\n","protected":false},"author":1,"featured_media":0,"parent":0,"menu_order":0,"comment_status":"closed","ping_status":"closed","template":"","meta":{"ngg_post_thumbnail":0,"footnotes":""},"class_list":["post-201","page","type-page","status-publish","hentry"],"_links":{"self":[{"href":"https:\/\/www.rolba.cz\/apartmany\/wp-json\/wp\/v2\/pages\/201","targetHints":{"allow":["GET"]}}],"collection":[{"href":"https:\/\/www.rolba.cz\/apartmany\/wp-json\/wp\/v2\/pages"}],"about":[{"href":"https:\/\/www.rolba.cz\/apartmany\/wp-json\/wp\/v2\/types\/page"}],"author":[{"embeddable":true,"href":"https:\/\/www.rolba.cz\/apartmany\/wp-json\/wp\/v2\/users\/1"}],"replies":[{"embeddable":true,"href":"https:\/\/www.rolba.cz\/apartmany\/wp-json\/wp\/v2\/comments?post=201"}],"version-history":[{"count":26,"href":"https:\/\/www.rolba.cz\/apartmany\/wp-json\/wp\/v2\/pages\/201\/revisions"}],"predecessor-version":[{"id":832,"href":"https:\/\/www.rolba.cz\/apartmany\/wp-json\/wp\/v2\/pages\/201\/revisions\/832"}],"wp:attachment":[{"href":"https:\/\/www.rolba.cz\/apartmany\/wp-json\/wp\/v2\/media?parent=201"}],"curies":[{"name":"wp","href":"https:\/\/api.w.org\/{rel}","templated":true}]}}