{"id":658,"date":"2023-03-31T19:24:39","date_gmt":"2023-03-31T19:24:39","guid":{"rendered":"https:\/\/www.rolba.cz\/apartmany\/?page_id=658"},"modified":"2026-05-03T22:47:37","modified_gmt":"2026-05-03T20:47:37","slug":"cenik","status":"publish","type":"page","link":"https:\/\/www.rolba.cz\/apartmany\/cenik\/","title":{"rendered":"Cen\u00edk"},"content":{"rendered":"\r\n<p><strong>Sez\u00f3na ZIMA 2025 \/ 2026<\/strong><\/p>\r\n\r\n\r\n\r\n<p>Apartm\u00e1ny Rolba Horn\u00ed M\u00edse\u010dky<\/p>\r\n\r\n\r\n\r\n<h3 class=\"wp-block-heading\">Standardn\u011b jsou pobyty od soboty do soboty, cena v cen\u00edku je za cel\u00fd apartm\u00e1n a t\u00fdden, pokud nen\u00ed uvedeno jinak.<\/h3>\r\n\r\n\r\n\r\n<p>Cena za m\u00e9n\u011b ne\u017e 7 noc\u00ed je s p\u0159\u00edplatkem a\u017e 2000 K\u010d.<br>P\u0159i ka\u017ed\u00e9m pobytu vyb\u00edr\u00e1me vratnou kauci 5000 K\u010d nebo 200 EUR.<\/p>\r\n<p>&nbsp;<\/p>\r\n\r\n\r\n<div class=\"wp-block-wptb-table-block\"><div class=\"wptb-container-legacy\" data-table-id=\"835\">\n    <table class=\"wptb-preview-table wptb-element-main-table_setting-835\" style=\"border-spacing: 3px 3px; border-collapse: collapse !important; min-width: 100%; border: 5px solid rgb(35, 142, 224); \" data-border-spacing-columns=\"3\" data-border-spacing-rows=\"3\" data-reconstraction=\"1\" data-wptb-table-directives=\"eyJpbm5lckJvcmRlcnMiOnsiYWN0aXZlIjoiYWxsIiwiYm9yZGVyV2lkdGgiOjMsImJvcmRlclJhZGl1c2VzIjp7ImFsbCI6MCwicm93IjowLCJjb2x1bW4iOjB9fX0=\" data-wptb-responsive-directives=\"eyJyZXNwb25zaXZlRW5hYmxlZCI6ZmFsc2UsInJlc3BvbnNpdmVNb2RlIjoiYXV0byIsInJlbGF0aXZlV2lkdGgiOiJ3aW5kb3ciLCJwcmVzZXJ2ZVJvd0NvbG9yIjpmYWxzZSwiaGVhZGVyRnVsbHlNZXJnZWQiOmZhbHNlLCJicmVha3BvaW50cyI6eyJkZXNrdG9wIjp7Im5hbWUiOiJkZXNrdG9wIiwid2lkdGgiOjEwMjR9LCJ0YWJsZXQiOnsibmFtZSI6InRhYmxldCIsIndpZHRoIjo3MDB9LCJtb2JpbGUiOnsibmFtZSI6Im1vYmlsZSIsIndpZHRoIjozNzV9fSwibW9kZU9wdGlvbnMiOnsiYXV0byI6eyJkaXNhYmxlZCI6eyJkZXNrdG9wIjpmYWxzZSwidGFibGV0IjpmYWxzZSwibW9iaWxlIjpmYWxzZX0sInRvcFJvd0FzSGVhZGVyIjp7ImRlc2t0b3AiOmZhbHNlLCJ0YWJsZXQiOnRydWUsIm1vYmlsZSI6dHJ1ZX0sInJlcGVhdE1lcmdlZEhlYWRlciI6eyJkZXNrdG9wIjp0cnVlLCJ0YWJsZXQiOnRydWUsIm1vYmlsZSI6dHJ1ZX0sInN0YXRpY1RvcFJvdyI6eyJkZXNrdG9wIjpmYWxzZSwidGFibGV0IjpmYWxzZSwibW9iaWxlIjpmYWxzZX0sImNlbGxTdGFja0RpcmVjdGlvbiI6eyJkZXNrdG9wIjoicm93IiwidGFibGV0Ijoicm93IiwibW9iaWxlIjoicm93In0sImNlbGxzUGVyUm93Ijp7ImRlc2t0b3AiOjEsInRhYmxldCI6MiwibW9iaWxlIjoyfX19fQ==\" data-wptb-cells-width-auto-count=\"4\" data-wptb-apply-table-container-max-width=\"1\" data-wptb-table-container-max-width=\"600\" data-wptb-horizontal-scroll-status=\"1\" data-wptb-extra-styles=\"LyogRW50ZXIgeW91ciBjdXN0b20gQ1NTIHJ1bGVzIGhlcmUgKi8=\" data-wptb-pro-pagination-top-row-header=\"false\" data-wptb-rows-per-page=\"10\" data-wptb-pro-search-top-row-header=\"false\" data-wptb-searchbar-position=\"left\" role=\"table\" data-table-columns=\"4\" data-wptb-table-alignment=\"center\" data-wptb-td-width-auto=\"120\" data-wptb-table-tds-sum-max-width=\"569\" data-wptb-header-background-color=\"#adc7e2\" data-v2-props=\"eyJ1c2VUaEZvckZpcnN0Um93IjpmYWxzZSwiY29sdW1uc1Byb3BzIjp7IjAiOnsidkFsaWduIjoibWlkZGxlIn19LCJyb3dzUHJvcHMiOnt9fQ==\" ><tbody data-global-font-size=\"15\" ><tr  class=\"wptb-row \" style=\"background-color: #adc7e2; \"><td class=\"wptb-cell \" colspan=\"1\" rowspan=\"1\" style=\"padding: 8px; border-width: 1px; border-color: rgb(35, 142, 224); border-style: solid; border-radius: 0px; \" data-y-index=\"0\" data-x-index=\"0\" data-wptb-css-td-auto-width=\"true\" data-wptb-css-td-auto-height=\"true\" data-wptb-cell-vertical-alignment=\"top\" ><div class=\"wptb-text-container wptb-ph-element wptb-element-text-597\" style=\"color: #4a5568; font-size: 15px; \"><div style=\"position: relative;\"><p style=\"text-align:center;\"><br \/><\/p><\/div><\/div><\/td><td class=\"wptb-cell \" colspan=\"1\" rowspan=\"1\" style=\"padding: 8px; border-width: 1px; border-color: rgb(35, 142, 224); border-style: solid; border-radius: 0px; \" data-y-index=\"0\" data-x-index=\"1\" data-wptb-css-td-auto-width=\"true\" data-wptb-css-td-auto-height=\"true\" data-wptb-cell-vertical-alignment=\"top\" ><div class=\"wptb-text-container wptb-ph-element wptb-element-text-598\" style=\"color: #4a5568; font-size: 15px; \"><div style=\"position: relative;\"><p style=\"text-align:center;\"><strong>1+kk<\/strong><\/p><p style=\"text-align:center;\"><strong>t\u00fdden<\/strong><\/p><p style=\"text-align:center;\"><strong>a\u017e 4 osoby<\/strong><\/p><\/div><\/div><\/td><td class=\"wptb-cell \" colspan=\"1\" rowspan=\"1\" style=\"padding: 8px; border-width: 1px; border-color: rgb(35, 142, 224); border-style: solid; border-radius: 0px; \" data-y-index=\"0\" data-x-index=\"2\" data-wptb-css-td-auto-width=\"true\" data-wptb-css-td-auto-height=\"true\" data-wptb-cell-vertical-alignment=\"top\" ><div class=\"wptb-text-container wptb-ph-element wptb-element-text-599\" style=\"color: #4a5568; font-size: 15px; \"><div style=\"position: relative;\"><p style=\"text-align:center;\"><strong>2+kk<\/strong><\/p><p style=\"text-align:center;\"><strong>t\u00fdden<\/strong><\/p><p style=\"text-align:center;\"><strong>4 osoby<\/strong><\/p><p style=\"text-align:center;\"><strong>(max. 6 osob)<\/strong><\/p><\/div><\/div><\/td><td class=\"wptb-cell \" colspan=\"1\" rowspan=\"1\" style=\"padding: 8px; border-width: 1px; border-color: rgb(35, 142, 224); border-style: solid; border-radius: 0px; \" data-y-index=\"0\" data-x-index=\"3\" data-wptb-css-td-auto-width=\"true\" data-wptb-css-td-auto-height=\"true\" data-wptb-cell-vertical-alignment=\"top\" ><div class=\"wptb-text-container wptb-ph-element wptb-element-text-600\" style=\"color: #4a5568; font-size: 15px; \"><div style=\"position: relative;\"><p style=\"text-align:center;\"><strong>MEZONET<\/strong><\/p><p style=\"text-align:center;\"><strong>3+kk<\/strong><\/p><p style=\"text-align:center;\"><strong>t\u00fdden <\/strong><\/p><p style=\"text-align:center;\"><strong>7 osob<\/strong><\/p><p style=\"text-align:center;\"><strong>(max. 8 osob)<\/strong><\/p><\/div><\/div><\/td><\/tr><tr  class=\"wptb-row \" style=\"\"><td class=\"wptb-cell \" colspan=\"1\" rowspan=\"1\" style=\"padding: 8px; border-width: 1px; border-color: rgb(35, 142, 224); border-style: solid; border-radius: 0px; \" data-y-index=\"1\" data-x-index=\"0\" data-wptb-css-td-auto-width=\"true\" data-wptb-css-td-auto-height=\"true\" data-wptb-cell-vertical-alignment=\"center\" ><div class=\"wptb-text-container wptb-ph-element wptb-element-text-601\" style=\"font-size: 1em; \"><div style=\"position: relative;\"><p style=\"text-align:center;\"><strong>APARTM\u00c1N<\/strong><\/p><\/div><\/div><\/td><td class=\"wptb-cell \" colspan=\"1\" rowspan=\"1\" style=\"padding: 8px; border-width: 1px; border-color: rgb(35, 142, 224); border-style: solid; border-radius: 0px; \" data-y-index=\"1\" data-x-index=\"1\" data-wptb-css-td-auto-width=\"true\" data-wptb-css-td-auto-height=\"true\" data-wptb-cell-vertical-alignment=\"center\" ><div class=\"wptb-text-container wptb-ph-element wptb-element-text-602\" style=\"color: #4a5568; font-size: 15px; \"><div style=\"position: relative;\"><p style=\"text-align:center;\"><strong>F3<\/strong><\/p><\/div><\/div><\/td><td class=\"wptb-cell \" colspan=\"1\" rowspan=\"1\" style=\"padding: 8px; border-width: 1px; border-color: rgb(35, 142, 224); border-style: solid; border-radius: 0px; \" data-y-index=\"1\" data-x-index=\"2\" data-wptb-css-td-auto-width=\"true\" data-wptb-css-td-auto-height=\"true\" data-wptb-cell-vertical-alignment=\"center\" ><div class=\"wptb-text-container wptb-ph-element wptb-element-text-603\" style=\"color: #4a5568; font-size: 15px; \"><div style=\"position: relative;\"><p style=\"text-align:center;\"><strong>E5, E13<\/strong><\/p><\/div><\/div><\/td><td class=\"wptb-cell \" colspan=\"1\" rowspan=\"1\" style=\"padding: 8px; border-width: 1px; border-color: rgb(35, 142, 224); border-style: solid; border-radius: 0px; \" data-y-index=\"1\" data-x-index=\"3\" data-wptb-css-td-auto-width=\"true\" data-wptb-css-td-auto-height=\"true\" data-wptb-cell-vertical-alignment=\"center\" ><div class=\"wptb-text-container wptb-ph-element wptb-element-text-604\" style=\"color: #4a5568; font-size: 15px; \"><div style=\"position: relative;\"><p style=\"text-align:center;\"><strong>E23<\/strong><\/p><\/div><\/div><\/td><\/tr><tr  class=\"wptb-row \" style=\"\"><td class=\"wptb-cell \" colspan=\"1\" rowspan=\"1\" style=\"padding: 8px; border-width: 1px; border-color: rgb(35, 142, 224); border-style: solid; border-radius: 0px; \" data-y-index=\"2\" data-x-index=\"0\" data-wptb-css-td-auto-width=\"true\" data-wptb-css-td-auto-height=\"true\" data-wptb-cell-vertical-alignment=\"center\" ><div class=\"wptb-text-container wptb-ph-element wptb-element-text-605\" style=\"color: #4a5568; font-size: 15px; \"><div style=\"position: relative;\"><p style=\"text-align:center;\"><strong>od 2.5. <\/strong><\/p><p style=\"text-align:center;\"><strong>do 31. 10. 2026<\/strong><\/p><\/div><\/div><\/td><td class=\"wptb-cell \" colspan=\"1\" rowspan=\"1\" style=\"padding: 8px; border-width: 1px; border-color: rgb(35, 142, 224); border-style: solid; border-radius: 0px; \" data-y-index=\"2\" data-x-index=\"1\" data-wptb-css-td-auto-width=\"true\" data-wptb-css-td-auto-height=\"true\" data-wptb-cell-vertical-alignment=\"center\" ><div class=\"wptb-text-container wptb-ph-element wptb-element-text-606\" style=\"color: #4a5568; font-size: 15px; \"><div style=\"position: relative;\"><p style=\"text-align:center;\">9 900 K\u010d<\/p><\/div><\/div><\/td><td class=\"wptb-cell \" colspan=\"1\" rowspan=\"1\" style=\"padding: 8px; border-width: 1px; border-color: rgb(35, 142, 224); border-style: solid; border-radius: 0px; \" data-y-index=\"2\" data-x-index=\"2\" data-wptb-css-td-auto-width=\"true\" data-wptb-css-td-auto-height=\"true\" data-wptb-cell-vertical-alignment=\"center\" ><div class=\"wptb-text-container wptb-ph-element wptb-element-text-607\" style=\"color: #4a5568; font-size: 15px; \"><div style=\"position: relative;\"><p style=\"text-align:center;\">12 200 K\u010d<\/p><\/div><\/div><\/td><td class=\"wptb-cell \" colspan=\"1\" rowspan=\"1\" style=\"padding: 8px; border-width: 1px; border-color: rgb(35, 142, 224); border-style: solid; border-radius: 0px; \" data-y-index=\"2\" data-x-index=\"3\" data-wptb-css-td-auto-width=\"true\" data-wptb-css-td-auto-height=\"true\" data-wptb-cell-vertical-alignment=\"center\" ><div class=\"wptb-text-container wptb-ph-element wptb-element-text-608\" style=\"color: #4a5568; font-size: 15px; \"><div style=\"position: relative;\"><p style=\"text-align:center;\">13 900 K\u010d<\/p><\/div><\/div><\/td><\/tr><tr  class=\"wptb-row \" style=\"\"><td class=\"wptb-cell \" colspan=\"2\" rowspan=\"1\" style=\"padding: 8px; border-width: 3px; border-color: rgb(35, 142, 224); border-style: solid; border-radius: 0px; \" data-y-index=\"3\" data-x-index=\"0\" data-wptb-css-td-auto-width=\"true\" data-wptb-css-td-auto-height=\"true\" data-wptb-cell-vertical-alignment=\"center\" ><\/td><td class=\"wptb-cell \" colspan=\"2\" rowspan=\"1\" style=\"padding: 8px; border-width: 3px; border-color: rgb(35, 142, 224); border-style: solid; border-radius: 0px; \" data-y-index=\"3\" data-x-index=\"2\" data-wptb-css-td-auto-width=\"true\" data-wptb-css-td-auto-height=\"true\" data-wptb-cell-vertical-alignment=\"center\" ><div class=\"wptb-text-container wptb-ph-element wptb-element-text-609\" style=\"font-size: 1em; \"><div style=\"position: relative;\"><p style=\"text-align:center;\"><strong>Cena za dal\u0161\u00ed osobu na t\u00fdden: <\/strong><\/p><p style=\"text-align:center;\"><strong>+ 1000 K\u010d<\/strong><\/p><\/div><\/div><\/td><\/tr><\/tbody><\/table>\n<\/div>\n<\/div>\r\n\r\n\r\n<p class=\"has-text-align-center\"><strong>V cen\u011b nen\u00ed zahrnuta spot\u0159ebovan\u00e1 elektrick\u00e1 energie za dobu pobytu. <br>Pejsky ubytov\u00e1v\u00e1me pouze v apartm\u00e1nu F3 \u2013 cena za noc za pejska je 200 K\u010d.<\/strong><\/p>\r\n\r\n\r\n\r\n<p>&nbsp;<\/p>\r\n","protected":false},"excerpt":{"rendered":"<p>Sez\u00f3na ZIMA 2025 \/ 2026 Apartm\u00e1ny Rolba Horn\u00ed M\u00edse\u010dky Standardn\u011b jsou pobyty od soboty do soboty, cena v cen\u00edku je za cel\u00fd apartm\u00e1n a t\u00fdden, pokud nen\u00ed uvedeno jinak. Cena za m\u00e9n\u011b ne\u017e 7 noc\u00ed je s p\u0159\u00edplatkem a\u017e 2000 K\u010d.P\u0159i ka\u017ed\u00e9m pobytu vyb\u00edr\u00e1me vratnou kauci 5000 K\u010d nebo 200 EUR. &nbsp; V cen\u011b nen\u00ed [&hellip;]<\/p>\n","protected":false},"author":1,"featured_media":0,"parent":0,"menu_order":0,"comment_status":"closed","ping_status":"closed","template":"","meta":{"ngg_post_thumbnail":0,"footnotes":""},"class_list":["post-658","page","type-page","status-publish","hentry"],"_links":{"self":[{"href":"https:\/\/www.rolba.cz\/apartmany\/wp-json\/wp\/v2\/pages\/658","targetHints":{"allow":["GET"]}}],"collection":[{"href":"https:\/\/www.rolba.cz\/apartmany\/wp-json\/wp\/v2\/pages"}],"about":[{"href":"https:\/\/www.rolba.cz\/apartmany\/wp-json\/wp\/v2\/types\/page"}],"author":[{"embeddable":true,"href":"https:\/\/www.rolba.cz\/apartmany\/wp-json\/wp\/v2\/users\/1"}],"replies":[{"embeddable":true,"href":"https:\/\/www.rolba.cz\/apartmany\/wp-json\/wp\/v2\/comments?post=658"}],"version-history":[{"count":39,"href":"https:\/\/www.rolba.cz\/apartmany\/wp-json\/wp\/v2\/pages\/658\/revisions"}],"predecessor-version":[{"id":842,"href":"https:\/\/www.rolba.cz\/apartmany\/wp-json\/wp\/v2\/pages\/658\/revisions\/842"}],"wp:attachment":[{"href":"https:\/\/www.rolba.cz\/apartmany\/wp-json\/wp\/v2\/media?parent=658"}],"curies":[{"name":"wp","href":"https:\/\/api.w.org\/{rel}","templated":true}]}}